{"id":877,"date":"2023-11-28T10:32:23","date_gmt":"2023-11-28T16:32:23","guid":{"rendered":"https:\/\/cqiiconsulting.com\/?page_id=877"},"modified":"2023-11-29T14:49:19","modified_gmt":"2023-11-29T20:49:19","slug":"privacy-policy","status":"publish","type":"page","link":"https:\/\/cqiiconsulting.com\/es\/privacy-policy\/","title":{"rendered":"Pol\u00edtica de privacidad"},"content":{"rendered":"<div data-elementor-type=\"wp-page\" data-elementor-id=\"877\" class=\"elementor elementor-877\" data-elementor-post-type=\"page\">\n\t\t\t\t\t\t\t<div class=\"elementor-element elementor-element-c6f66d5 e-flex e-con-boxed e-con e-parent\" data-id=\"c6f66d5\" data-element_type=\"container\" data-settings=\"{&quot;background_background&quot;:&quot;classic&quot;,&quot;content_width&quot;:&quot;boxed&quot;}\" data-core-v316-plus=\"true\">\n\t\t\t\t\t<div class=\"e-con-inner\">\n\t\t<div class=\"elementor-element elementor-element-37013b9 e-flex e-con-boxed e-con e-child\" data-id=\"37013b9\" data-element_type=\"container\" data-settings=\"{&quot;content_width&quot;:&quot;boxed&quot;}\">\n\t\t\t\t\t<div class=\"e-con-inner\">\n\t\t\t\t<div class=\"elementor-element elementor-element-9adcb6d elementor-widget elementor-widget-heading\" data-id=\"9adcb6d\" data-element_type=\"widget\" data-widget_type=\"heading.default\">\n\t\t\t\t<div class=\"elementor-widget-container\">\n\t\t\t<style>\/*! elementor - v3.17.0 - 01-11-2023 *\/\n.elementor-heading-title{padding:0;margin:0;line-height:1}.elementor-widget-heading .elementor-heading-title[class*=elementor-size-]>a{color:inherit;font-size:inherit;line-height:inherit}.elementor-widget-heading .elementor-heading-title.elementor-size-small{font-size:15px}.elementor-widget-heading .elementor-heading-title.elementor-size-medium{font-size:19px}.elementor-widget-heading .elementor-heading-title.elementor-size-large{font-size:29px}.elementor-widget-heading .elementor-heading-title.elementor-size-xl{font-size:39px}.elementor-widget-heading .elementor-heading-title.elementor-size-xxl{font-size:59px}<\/style><h1 class=\"elementor-heading-title elementor-size-default\">Pol\u00edtica de privacidad<\/h1>\t\t<\/div>\n\t\t\t\t<\/div>\n\t\t\t\t\t<\/div>\n\t\t\t\t<\/div>\n\t\t\t\t\t<\/div>\n\t\t\t\t<\/div>\n\t\t<div class=\"elementor-element elementor-element-7be58ca e-flex e-con-boxed e-con e-parent\" data-id=\"7be58ca\" data-element_type=\"container\" data-settings=\"{&quot;content_width&quot;:&quot;boxed&quot;}\" data-core-v316-plus=\"true\">\n\t\t\t\t\t<div class=\"e-con-inner\">\n\t\t\t\t<div class=\"elementor-element elementor-element-824e39f elementor-widget elementor-widget-text-editor\" data-id=\"824e39f\" data-element_type=\"widget\" data-widget_type=\"text-editor.default\">\n\t\t\t\t<div class=\"elementor-widget-container\">\n\t\t\t<style>\/*! elementor - v3.17.0 - 01-11-2023 *\/\n.elementor-widget-text-editor.elementor-drop-cap-view-stacked .elementor-drop-cap{background-color:#69727d;color:#fff}.elementor-widget-text-editor.elementor-drop-cap-view-framed .elementor-drop-cap{color:#69727d;border:3px solid;background-color:transparent}.elementor-widget-text-editor:not(.elementor-drop-cap-view-default) .elementor-drop-cap{margin-top:8px}.elementor-widget-text-editor:not(.elementor-drop-cap-view-default) .elementor-drop-cap-letter{width:1em;height:1em}.elementor-widget-text-editor .elementor-drop-cap{float:left;text-align:center;line-height:1;font-size:50px}.elementor-widget-text-editor .elementor-drop-cap-letter{display:inline-block}<\/style>\t\t\t\t<p>\u00daltima actualizaci\u00f3n: 28 de noviembre de 2023<\/p><h2>Interpretaci\u00f3n y definiciones<\/h2><h3>Interpretaci\u00f3n<\/h3><p>Las palabras cuya inicial aparece en may\u00fascula tienen los significados que se definen a continuaci\u00f3n. Las siguientes definiciones tendr\u00e1n el mismo significado independientemente de que aparezcan en singular o en plural.<\/p><h3>Definiciones<\/h3><p>A los efectos de la presente Pol\u00edtica de Privacidad<\/p><ul><li><p><strong>Cuenta<\/strong>\u00a0significa una cuenta \u00fanica creada para que Usted acceda a nuestro Servicio o a partes de nuestro Servicio.<\/p><\/li><li><p><strong>Afiliado<\/strong>\u00a0significa una entidad que controla, es controlada por o est\u00e1 bajo control com\u00fan con una parte, donde \"control\" significa la propiedad del 50% o m\u00e1s de las acciones, participaciones u otros valores con derecho a voto para la elecci\u00f3n de directores u otra autoridad de gesti\u00f3n.<\/p><\/li><li><p><strong>Compa\u00f1ia<\/strong> (denominada \"la Compa\u00f1ia\", \"Nosotros\", \"Nos\" o \"Nuestro\" en el presente Acuerdo) se refiere a Continual Quality Improvement Inc.<\/p><\/li><li><p><strong>Cookies<\/strong>\u00a0son peque\u00f1os archivos que se colocan en su ordenador, dispositivo m\u00f3vil o cualquier otro dispositivo por un sitio web, que contiene los detalles de su historial de navegaci\u00f3n en ese sitio web entre sus muchos usos.<\/p><\/li><li><p><strong>Pa\u00eds<\/strong> se refiere a: Estados Unidos<\/p><\/li><li><p><strong>Dispositivo<\/strong>\u00a0se refiere a cualquier dispositivo que pueda acceder al Servicio, como un ordenador, un tel\u00e9fono m\u00f3vil o una tableta digital.<\/p><\/li><li><p><strong>Datos personales<\/strong>\u00a0es cualquier informaci\u00f3n relacionada con un individuo identificado o identificable.<\/p><\/li><li><p><strong>Servicio<\/strong>\u00a0se refiere al Sitio Web.<\/p><\/li><li><p><strong>Proveedor de servicios<\/strong>\u00a0se refiere a cualquier persona f\u00edsica o jur\u00eddica que procese los datos en nombre de la Empresa. Se refiere a terceras empresas o personas contratadas por la Empresa para facilitar el Servicio, prestar el Servicio en nombre de la Empresa, realizar servicios relacionados con el Servicio o ayudar a la Empresa a analizar c\u00f3mo se utiliza el Servicio.<\/p><\/li><li><p><strong>Datos de uso<\/strong>\u00a0se refiere a los datos recopilados autom\u00e1ticamente, ya sean generados por el uso del Servicio o de la propia infraestructura del Servicio (por ejemplo, la duraci\u00f3n de la visita a una p\u00e1gina).<\/p><\/li><li><p><strong>P\u00e1gina web<\/strong>\u00a0se refiere a Continual Quality Improvement Inc., accesible desde https:\/\/cqiiconsulting.com\/\u00a0<a href=\"https:\/\/cqiiconsulting.com\/es\/\" target=\"_blank\" rel=\"external nofollow noopener\">https:\/\/cqiiconsulting.com\/<\/a><\/p><\/li><li><p><strong>Usted<\/strong>\u00a0hace referencia a la persona f\u00edsica que accede o utiliza el Servicio, o a la empresa u otra entidad jur\u00eddica en nombre de la cual dicha persona f\u00edsica accede o utiliza el Servicio, seg\u00fan corresponda.<\/p><\/li><\/ul><h2>Recogida y uso de sus datos personales<\/h2><h3>Tipos de datos recogidos<\/h3><h4>Datos personales<\/h4><p>Al utilizar Nuestro Servicio, es posible que le pidamos a Usted que nos proporcione cierta informaci\u00f3n de identificaci\u00f3n personal que puede utilizarse para ponernos en contacto con Usted o identificarle. Los datos personales identificables pueden incluir, entre otros<\/p><ul><li><p>Direcci\u00f3n de correo electr\u00f3nico<\/p><\/li><li><p>Nombre y apellidos<\/p><\/li><li><p>N\u00famero de tel\u00e9fono<\/p><\/li><li><p>Datos de uso<\/p><\/li><\/ul><h4>Datos de uso<\/h4><p>Los Datos de Uso se recogen autom\u00e1ticamente al utilizar el Servicio.<\/p><p>Los Datos de Uso pueden incluir informaci\u00f3n como la direcci\u00f3n de Protocolo de Internet (la direcci\u00f3n IP) de Su Dispositivo, el tipo de navegador, la versi\u00f3n del navegador, las p\u00e1ginas de nuestro Servicio que Usted visita, la hora y la fecha de Su visita, el tiempo pasado en esas p\u00e1ginas, los identificadores \u00fanicos del dispositivo y otros datos de diagn\u00f3stico.<\/p><p>Cuando Usted accede al Servicio por o a trav\u00e9s de un dispositivo m\u00f3vil, podemos recopilar cierta informaci\u00f3n autom\u00e1ticamente, incluyendo, pero sin limitarse a, el tipo de dispositivo m\u00f3vil que utiliza, el identificador \u00fanico de su dispositivo m\u00f3vil, la direcci\u00f3n IP de su dispositivo m\u00f3vil, su sistema operativo m\u00f3vil, el tipo de navegador de Internet m\u00f3vil que utiliza, identificadores \u00fanicos de dispositivo y otros datos de diagn\u00f3stico.<\/p><p>Tambi\u00e9n podemos recopilar informaci\u00f3n que su navegador env\u00eda cada vez que visita nuestro Servicio o cuando accede al Servicio por o a trav\u00e9s de un dispositivo m\u00f3vil.<\/p><h4>Tecnolog\u00edas de seguimiento y cookies<\/h4><p>Utilizamos cookies y tecnolog\u00edas de seguimiento similares para rastrear la actividad en Nuestro Servicio y almacenar cierta informaci\u00f3n. Las tecnolog\u00edas de rastreo utilizadas son balizas, etiquetas y scripts para recopilar y rastrear informaci\u00f3n y para mejorar y analizar Nuestro Servicio. Las tecnolog\u00edas que utilizamos pueden incluir<\/p><ul><li><strong>Cookies o Cookies de Navegador.<\/strong>\u00a0Una cookie es un peque\u00f1o archivo que se coloca en su dispositivo. Usted puede indicar a su navegador que rechace todas las Cookies o que le indique cu\u00e1ndo se est\u00e1 enviando una Cookie. Sin embargo, si no acepta las Cookies, es posible que no pueda utilizar algunas partes de nuestro Servicio. A menos que haya ajustado la configuraci\u00f3n de su navegador para que rechace las Cookies, nuestro Servicio puede utilizar Cookies.<\/li><li><strong>Balizas web.<\/strong>\u00a0Ciertas secciones de nuestro Servicio y nuestros correos electr\u00f3nicos pueden contener peque\u00f1os archivos electr\u00f3nicos conocidos como web beacons (tambi\u00e9n denominados clear gifs, pixel tags y single-pixel gifs) que permiten a la Empresa, por ejemplo, contar los usuarios que han visitado esas p\u00e1ginas o abierto un correo electr\u00f3nico y para otras estad\u00edsticas relacionadas con el sitio web (por ejemplo, registrar la popularidad de una determinada secci\u00f3n y verificar la integridad del sistema y del servidor).<\/li><\/ul><p>Las cookies pueden ser Cookies \u201cPersistentes\u201d o de \u201cSesi\u00f3n\u201d. Las cookies persistentes permanecen en su computadora personal o dispositivo m\u00f3vil cuando se desconecta, mientras que las cookies de sesi\u00f3n se eliminan tan pronto como cierra su navegador web.<\/p><p>Utilizamos cookies de sesi\u00f3n y persistentes para los fines que se detallan a continuaci\u00f3n:<\/p><ul><li><p><strong>Cookies necesarias\/esenciales<\/strong><\/p><p>Tipo: Cookies de sesi\u00f3n<\/p><p>Administrado por: Nosotros<\/p><p>Prop\u00f3sito: Estas cookies son esenciales para brindarle los servicios disponibles a trav\u00e9s del sitio web y permitirle utilizar algunas de sus funciones. Ayudan a autenticar a los usuarios y evitar el uso fraudulento de cuentas de usuario. Sin estas Cookies, no se pueden proporcionar los servicios que ha solicitado y solo utilizamos estas Cookies para brindarle esos servicios.<\/p><\/li><li><p><strong>Pol\u00edtica de Cookies \/ Aviso de Aceptaci\u00f3n de Cookies<\/strong><\/p><p>Tipo: Cookies persistentes<\/p><p>Administrado por: Nosotros<\/p><p>Finalidad: Estas Cookies identifican si los usuarios han aceptado el uso de cookies en el Sitio Web.<\/p><\/li><li><p><strong>Cookies de funcionalidad<\/strong><\/p><p>Tipo: Cookies persistentes<\/p><p>Administrado por: Nosotros<\/p><p>Prop\u00f3sito: Estas cookies nos permiten recordar las elecciones que realiza cuando utiliza el sitio web, como recordar sus datos de inicio de sesi\u00f3n o su preferencia de idioma. El prop\u00f3sito de estas Cookies es brindarle una experiencia m\u00e1s personal y evitar que tenga que volver a ingresar sus preferencias cada vez que utilice el sitio web.<\/p><\/li><\/ul><h3>Uso de sus datos personales<\/h3><p>La Compa\u00f1\u00eda podr\u00e1 utilizar Datos Personales para los siguientes fines:<\/p><ul><li><p><strong>Para proporcionar y mantener nuestro Servicio<\/strong>, incluido el seguimiento del uso de nuestro Servicio.<\/p><\/li><li><p><strong>Para administrar su cuenta:<\/strong>\u00a0para gestionar su registro como usuario del Servicio. Los Datos Personales que Usted proporciona pueden darle acceso a diferentes funcionalidades del Servicio que est\u00e1n disponibles para Usted como usuario registrado.<\/p><\/li><li><p><strong>Para el cumplimiento de un contrato:<\/strong>\u00a0el desarrollo, cumplimiento y realizaci\u00f3n del contrato de compra de los productos, art\u00edculos o servicios que Usted haya adquirido o de cualquier otro contrato con Nosotros a trav\u00e9s del Servicio.<\/p><\/li><li><p><strong>Para contactarte:<\/strong>\u00a0Para contactarlo por correo electr\u00f3nico, llamadas telef\u00f3nicas, SMS u otras formas equivalentes de comunicaci\u00f3n electr\u00f3nica, como notificaciones push de una aplicaci\u00f3n m\u00f3vil sobre actualizaciones o comunicaciones informativas relacionadas con las funcionalidades, productos o servicios contratados, incluidas las actualizaciones de seguridad, cuando sea necesario o razonable. para su implementaci\u00f3n.<\/p><\/li><li><p><strong>Para proporcionarte:<\/strong>\u00a0con noticias, ofertas especiales e informaci\u00f3n general sobre otros bienes, servicios y eventos que ofrecemos que son similares a los que ya compr\u00f3 o sobre los que ya realiz\u00f3 consultas, a menos que haya optado por no recibir dicha informaci\u00f3n.<\/p><\/li><li><p><strong>Para gestionar sus solicitudes:<\/strong>\u00a0Para atender y gestionar Sus solicitudes dirigidas a Nosotros.<\/p><\/li><li><p><strong>Para transferencias de negocios:<\/strong>\u00a0Podemos utilizar su informaci\u00f3n para evaluar o llevar a cabo una fusi\u00f3n, desinversi\u00f3n, reestructuraci\u00f3n, reorganizaci\u00f3n, disoluci\u00f3n u otra venta o transferencia de algunos o todos nuestros activos, ya sea como empresa en funcionamiento o como parte de una quiebra, liquidaci\u00f3n o procedimiento similar. en el que los datos personales que tenemos sobre los usuarios de nuestro servicio se encuentran entre los activos transferidos.<\/p><\/li><li><p><strong>Para otros fines:<\/strong>Podemos utilizar Su informaci\u00f3n para otros fines, como an\u00e1lisis de datos, identificaci\u00f3n de tendencias de uso, determinaci\u00f3n de la efectividad de nuestras campa\u00f1as promocionales y para evaluar y mejorar nuestro Servicio, productos, servicios, marketing y su experiencia.<\/p><\/li><\/ul><p>Podemos compartir su informaci\u00f3n personal en las siguientes situaciones:<\/p><ul><li><strong>Con proveedores de servicios:<\/strong>\u00a0Podemos compartir su informaci\u00f3n personal con proveedores de servicios para monitorear y analizar el uso de nuestro servicio y comunicarnos con Usted.<\/li><li><strong>Para transferencias de negocios:<\/strong>\u00a0Podemos compartir o transferir su informaci\u00f3n personal en relaci\u00f3n con, o durante las negociaciones de, cualquier fusi\u00f3n, venta de activos de la Compa\u00f1\u00eda, financiamiento o adquisici\u00f3n de todo o una parte de Nuestro negocio a otra compa\u00f1\u00eda.<\/li><li><strong>Con afiliados:<\/strong>\u00a0Podemos compartir su informaci\u00f3n con nuestros afiliados, en cuyo caso exigiremos a dichos afiliados que respeten esta Pol\u00edtica de privacidad. Las afiliadas incluyen Nuestra empresa matriz y cualquier otra subsidiaria, socios de empresas conjuntas u otras empresas que controlamos o que est\u00e1n bajo control com\u00fan con Nosotros.<\/li><li><strong>Con socios comerciales:<\/strong>\u00a0Podemos compartir su informaci\u00f3n con nuestros socios comerciales para ofrecerle ciertos productos, servicios o promociones.<\/li><li><strong>Con otros usuarios:<\/strong>\u00a0Cuando comparte informaci\u00f3n personal o interact\u00faa de otro modo en las \u00e1reas p\u00fablicas con otros usuarios, dicha informaci\u00f3n puede ser vista por todos los usuarios y puede distribuirse p\u00fablicamente en el exterior.<\/li><li><strong>Con tu consentimiento:<\/strong>Podemos divulgar su informaci\u00f3n personal para cualquier otro prop\u00f3sito con su consentimiento.<\/li><\/ul><h3>Conservaci\u00f3n de sus datos personales<\/h3><p>La Compa\u00f1\u00eda conservar\u00e1 sus datos personales solo durante el tiempo que sea necesario para los fines establecidos en esta Pol\u00edtica de privacidad. Conservaremos y utilizaremos sus datos personales en la medida necesaria para cumplir con nuestras obligaciones legales (por ejemplo, si debemos conservar sus datos para cumplir con las leyes aplicables), resolver disputas y hacer cumplir nuestros acuerdos y pol\u00edticas legales.<\/p><p>La Compa\u00f1\u00eda tambi\u00e9n conservar\u00e1 los Datos de uso para fines de an\u00e1lisis interno. Los datos de uso generalmente se conservan durante un per\u00edodo de tiempo m\u00e1s corto, excepto cuando estos datos se utilizan para fortalecer la seguridad o mejorar la funcionalidad de nuestro servicio, o cuando estamos legalmente obligados a conservar estos datos durante per\u00edodos de tiempo m\u00e1s largos.<\/p><h3>Transferencia de sus datos personales<\/h3><p>Su informaci\u00f3n, incluidos los Datos Personales, es procesada en las oficinas operativas de la Compa\u00f1\u00eda y en cualquier otro lugar donde se encuentren las partes involucradas en el procesamiento. Significa que esta informaci\u00f3n puede transferirse y mantenerse en computadoras ubicadas fuera de Su estado, provincia, pa\u00eds u otra jurisdicci\u00f3n gubernamental donde las leyes de protecci\u00f3n de datos pueden diferir de las de Su jurisdicci\u00f3n.<\/p><p>Su consentimiento a esta Pol\u00edtica de Privacidad seguido de su env\u00edo de dicha informaci\u00f3n representa su aceptaci\u00f3n de esa transferencia.<\/p><p>La Compa\u00f1\u00eda tomar\u00e1 todas las medidas razonablemente necesarias para garantizar que Sus datos sean tratados de forma segura y de acuerdo con esta Pol\u00edtica de Privacidad y no se realizar\u00e1 ninguna transferencia de Sus Datos Personales a una organizaci\u00f3n o pa\u00eds a menos que existan controles adecuados establecidos, incluida la seguridad de Sus datos y otra informaci\u00f3n personal.<\/p><h3>Elimina tus datos personales<\/h3><p>Tiene derecho a eliminar o solicitar que le ayudemos a eliminar los datos personales que hemos recopilado sobre usted.<\/p><p>Nuestro Servicio puede brindarle la posibilidad de eliminar cierta informaci\u00f3n sobre Usted desde el Servicio.<\/p><p>Puede actualizar, modificar o eliminar Su informaci\u00f3n en cualquier momento iniciando sesi\u00f3n en Su Cuenta, si tiene una, y visitando la secci\u00f3n de configuraci\u00f3n de la cuenta que le permite administrar Su informaci\u00f3n personal. Tambi\u00e9n puede comunicarse con nosotros para solicitar acceso, corregir o eliminar cualquier informaci\u00f3n personal que nos haya proporcionado.<\/p><p>Sin embargo, tenga en cuenta que es posible que necesitemos conservar cierta informaci\u00f3n cuando tengamos una obligaci\u00f3n legal o una base legal para hacerlo.<\/p><h3>Divulgaci\u00f3n de sus datos personales<\/h3><h4>Transacciones de negocios<\/h4><p>Si la Compa\u00f1\u00eda est\u00e1 involucrada en una fusi\u00f3n, adquisici\u00f3n o venta de activos, sus datos personales pueden ser transferidos. Le avisaremos antes de que sus datos personales se transfieran y queden sujetos a una pol\u00edtica de privacidad diferente.<\/p><h4>Cumplimiento de la ley<\/h4><p>En determinadas circunstancias, es posible que se le solicite a la Compa\u00f1\u00eda que revele sus datos personales si as\u00ed lo exige la ley o en respuesta a solicitudes v\u00e1lidas de autoridades p\u00fablicas (por ejemplo, un tribunal o una agencia gubernamental).<\/p><h4>Otros requisitos legales<\/h4><p>La Compa\u00f1\u00eda puede divulgar sus datos personales de buena fe cuando considere que dicha acci\u00f3n es necesaria para:<\/p><ul><li>Cumplir con una obligaci\u00f3n legal<\/li><li>Proteger y defender los derechos o bienes de la Empresa<\/li><li>Prevenir o investigar posibles irregularidades en relaci\u00f3n con el Servicio<\/li><li>Proteger la seguridad personal de los Usuarios del Servicio o del p\u00fablico.<\/li><li>Proteger contra responsabilidad legal<\/li><\/ul><h3>Seguridad de sus datos personales<\/h3><p>La seguridad de sus datos personales es importante para nosotros, pero recuerde que ning\u00fan m\u00e9todo de transmisi\u00f3n a trav\u00e9s de Internet o m\u00e9todo de almacenamiento electr\u00f3nico es 100 % seguro. Si bien nos esforzamos por utilizar medios comercialmente aceptables para proteger sus datos personales, no podemos garantizar su seguridad absoluta.<\/p><h2>Privacidad de los ni\u00f1os<\/h2><p>Nuestro Servicio no est\u00e1 dirigido a personas menores de 13 a\u00f1os. No recopilamos conscientemente informaci\u00f3n de identificaci\u00f3n personal de ninguna persona menor de 13 a\u00f1os. Si usted es padre o tutor y sabe que su hijo nos ha proporcionado datos personales, por favor Cont\u00e1ctenos. Si nos damos cuenta de que hemos recopilado datos personales de cualquier persona menor de 13 a\u00f1os sin verificaci\u00f3n del consentimiento de los padres, tomamos medidas para eliminar esa informaci\u00f3n de nuestros servidores.<\/p><p>Si necesitamos confiar en el consentimiento como base legal para procesar Su informaci\u00f3n y Su pa\u00eds requiere el consentimiento de uno de sus padres, podemos requerir el consentimiento de Sus padres antes de recopilar y utilizar esa informaci\u00f3n.<\/p><h2>Enlaces a otros sitios web<\/h2><p>Nuestro Servicio puede contener enlaces a otros sitios web que no son operados por Nosotros. Si hace clic en el enlace de un tercero, ser\u00e1 dirigido al sitio de ese tercero. Le recomendamos encarecidamente que revise la Pol\u00edtica de privacidad de cada sitio que visite.<\/p><p>No tenemos control ni asumimos ninguna responsabilidad por el contenido, las pol\u00edticas de privacidad o las pr\u00e1cticas de sitios o servicios de terceros.<\/p><h2>Cambios a esta Pol\u00edtica de Privacidad<\/h2><p>Podemos actualizar Nuestra Pol\u00edtica de Privacidad de vez en cuando. Le notificaremos cualquier cambio publicando la nueva Pol\u00edtica de Privacidad en esta p\u00e1gina.<\/p><p>Le informaremos por correo electr\u00f3nico y\/o un aviso destacado en Nuestro Servicio, antes de que el cambio entre en vigor y actualizaremos la fecha de \"\u00daltima actualizaci\u00f3n\" en la parte superior de esta Pol\u00edtica de Privacidad.<\/p><p>Se le recomienda revisar esta Pol\u00edtica de Privacidad peri\u00f3dicamente para detectar cualquier cambio. Los cambios a esta Pol\u00edtica de Privacidad entran en vigencia cuando se publican en esta p\u00e1gina.<\/p><h2>Contacto<\/h2><p>Si tiene alguna pregunta sobre esta Pol\u00edtica de Privacidad, puede contactarnos:<\/p><ul><li>Por correo electr\u00f3nico: davidg@cqiiconsulting.com<\/li><\/ul>\t\t\t\t\t\t<\/div>\n\t\t\t\t<\/div>\n\t\t\t\t\t<\/div>\n\t\t\t\t<\/div>\n\t\t\t\t\t\t\t<\/div>","protected":false},"excerpt":{"rendered":"<p>Last updated: November 28, 2023 Interpretation and Definitions Interpretation The words of which the initial letter is capitalized have meanings defined under the following conditions. The following definitions shall have the same meaning regardless of whether they appear in singular or in plural. Definitions For the purposes of this Privacy Policy: Account\u00a0means a unique account [&hellip;]<\/p>","protected":false},"author":1,"featured_media":0,"parent":0,"menu_order":0,"comment_status":"closed","ping_status":"closed","template":"","meta":{"footnotes":""},"class_list":["post-877","page","type-page","status-publish","hentry"],"_links":{"self":[{"href":"https:\/\/cqiiconsulting.com\/es\/wp-json\/wp\/v2\/pages\/877","targetHints":{"allow":["GET"]}}],"collection":[{"href":"https:\/\/cqiiconsulting.com\/es\/wp-json\/wp\/v2\/pages"}],"about":[{"href":"https:\/\/cqiiconsulting.com\/es\/wp-json\/wp\/v2\/types\/page"}],"author":[{"embeddable":true,"href":"https:\/\/cqiiconsulting.com\/es\/wp-json\/wp\/v2\/users\/1"}],"replies":[{"embeddable":true,"href":"https:\/\/cqiiconsulting.com\/es\/wp-json\/wp\/v2\/comments?post=877"}],"version-history":[{"count":19,"href":"https:\/\/cqiiconsulting.com\/es\/wp-json\/wp\/v2\/pages\/877\/revisions"}],"predecessor-version":[{"id":905,"href":"https:\/\/cqiiconsulting.com\/es\/wp-json\/wp\/v2\/pages\/877\/revisions\/905"}],"wp:attachment":[{"href":"https:\/\/cqiiconsulting.com\/es\/wp-json\/wp\/v2\/media?parent=877"}],"curies":[{"name":"wp","href":"https:\/\/api.w.org\/{rel}","templated":true}]}}